{"id":46,"date":"2026-03-06T10:35:00","date_gmt":"2026-03-06T10:35:00","guid":{"rendered":"http:\/\/codfreurcor14.usm.md\/?page_id=46"},"modified":"2026-03-06T10:51:11","modified_gmt":"2026-03-06T10:51:11","slug":"les-caves-de-cricova","status":"publish","type":"page","link":"https:\/\/codfreurcor14.usm.md\/index.php\/les-caves-de-cricova\/","title":{"rendered":"Les Caves de Cricova"},"content":{"rendered":"<p><\/p>\n<p style=\"text-align: center;\">\n<p style=\"text-align: center;\"><img decoding=\"async\" class=\"alignnone size-medium wp-image-47 aligncenter\" src=\"http:\/\/codfreurcor14.usm.md\/wp-content\/uploads\/2026\/03\/Cricova-300x132.png\" alt=\"\" width=\"300\" height=\"132\" srcset=\"https:\/\/codfreurcor14.usm.md\/wp-content\/uploads\/2026\/03\/Cricova-300x132.png 300w, https:\/\/codfreurcor14.usm.md\/wp-content\/uploads\/2026\/03\/Cricova.png 503w\" sizes=\"(max-width: 300px) 100vw, 300px\" \/><br \/>\n<a href=\"https:\/\/winetours.md\/vinarii\/vinaria-cricova\">https:\/\/winetours.md\/vinarii\/vinaria-cricova<\/a><\/p>\n<p style=\"text-align: center;\"><a href=\"https:\/\/wine.md\/content\/excursie-cricova\">https:\/\/wine.md\/content\/excursie-cricova<\/a><\/p>\n<p style=\"text-align: center;\"><strong>Vin\u0103ria Cricova (Les Caves de Cricova) \u2013 La Cit\u00e9 Souterraine du Vin de Moldavie<\/strong><\/p>\n<p>Les Caves de Cricova sont consid\u00e9r\u00e9es comme l\u2019une des caves les plus prestigieuses deMoldavie. Ce complexe souterrain unique est connu mondialement pour sesimpressionnantes galeries, qui s\u2019\u00e9tendent sur plus de 70 km et abritent une collectionremarquable de vins \u2013 l\u2019\u0152noth\u00e8que nationale. Situ\u00e9e \u00e0 une profondeur de 80 m\u00e8tres,Cricova est bien plus qu\u2019une cave : c\u2019est une exp\u00e9rience m\u00e9morable pour les amateurs devin et les passionn\u00e9s d\u2019histoire.<\/p>\n<p style=\"text-align: center;\"><strong>L\u2019\u0152noth\u00e8que nationale \u2013 Une collection unique de vins \u00e0 Cricova<\/strong><\/p>\n<p>Au c\u0153ur du complexe souterrain se trouve l\u2019\u0152noth\u00e8que nationale, un v\u00e9ritable tr\u00e9sor quiabrite plus de 1,3 million de bouteilles de vins rares. Parmi les pi\u00e8ces les plus pr\u00e9cieusesfigurent le vin rouge \u00ab Ierusalim de Pa\u0219ti \u00bb de 1902 ainsi que la collection du mar\u00e9chalallemand Hermann G\u00f6ring. La collection comprend \u00e9galement des vins personnels ayantappartenu \u00e0 des personnalit\u00e9s c\u00e9l\u00e8bres telles que John Kerry, Angela Merkel, TraianB\u0103sescu, Vladimir Putin et d\u2019autres hauts dignitaires d\u2019\u00c9tat.<\/p>\n<p style=\"text-align: center;\"><strong>Vin mousseux \u2013 Tradition et excellence<\/strong><\/p>\n<p>Cricova est le pionnier du vin mousseux en Moldavie, \u00e9tant la premi\u00e8re cave \u00e0 avoirintroduit la m\u00e9thode traditionnelle \u00ab M\u00e9thode Traditionnelle \u00bb, inspir\u00e9e par le moinePierre P\u00e9rignon. Ce proc\u00e9d\u00e9 complexe implique une seconde fermentation en bouteilleet un long vieillissement, offrant des vins mousseux d\u2019une qualit\u00e9 exceptionnelle.<\/p>\n<p style=\"text-align: center;\"><strong>La Cit\u00e9 souterraine \u2013 Un patrimoine culturel national<\/strong><\/p>\n<p>Cricova est plus qu\u2019une cave : c\u2019est une v\u00e9ritable cit\u00e9 souterraine, avec des rues et desall\u00e9es portant les noms des c\u00e9pages conserv\u00e9s dans des f\u00fbts de ch\u00eane : Cabernet,Chardonnay, Feteasc\u0103, Sauvignon, entre autres. Ce lieu unique a \u00e9t\u00e9 d\u00e9clar\u00e9 patrimoineculturel national de la R\u00e9publique de Moldavie, et l\u2019ensemble du complexe est reconnuinternationalement pour sa valeur historique et culturelle.<\/p>\n<p style=\"text-align: center;\"><strong>Exp\u00e9riences m\u00e9morables \u2013 D\u00e9gustations dans des salles souterraines \u00e9l\u00e9gantes<\/strong><\/p>\n<p>Les visiteurs des Caves de Cricova peuvent participer \u00e0 des d\u00e9gustations de vins dans l\u2019unedes cinq salles souterraines, chacune d\u00e9cor\u00e9e dans un style unique : la Salle Europ\u00e9enne,la Casa Mare, le Fond de la Mer, la Salle Pr\u00e9sidentielle et la Salle avec Chemin\u00e9e. Cesespaces sont id\u00e9aux pour savourer les vins locaux et d\u00e9couvrir les secrets de la vinificationmoldave.<\/p>\n<p style=\"text-align: center;\"><strong>Le 2 octobre 2026 &#8211; Les Caves de Cricova (paquet National) &#8211; 120 minutes<\/strong><\/p>\n<p><strong>tarif standard<\/strong> &#8211; 55\u20ac (65\u20ac avec souvenir : comprend une bouteille de vin mousseuxclassique et une bouteille de vin rouge dans un coffret)<br \/>\n<strong>tarif week-end et en soir\u00e9e<\/strong> &#8211; En dehors des heures de travail et pendant le week-end, lesforfaits sont propos\u00e9s avec un suppl\u00e9ment de 5\u20ac par personne.<\/p>\n<p><strong>Visite guid\u00e9e de groupe \u00e0 travers les galeries souterraines.<\/strong><br \/>\n<strong>D\u00e9gustation de 5 types de vins.<\/strong><br \/>\n<strong>Menu traditionnel :<\/strong><br \/>\nPlateau de l\u00e9gumes frais, fromage et assortiment de viandes ;<br \/>\nTourte roul\u00e9e au fromage et aux pommes de terre (\u00eenv\u00e2rtit\u0103) ;<br \/>\nPolenta (m\u0103m\u0103lig\u0103) avec rago\u00fbt de porc, cr\u00e8me fra\u00eeche et fromage de brebis ;<br \/>\nDessert \u00ab Baba Neagr\u0103 \u00bb ;<br \/>\nEau.<br \/>\n<strong>Le prix indiqu\u00e9 est par personne.<\/strong><br \/>\n<strong>Groupe minimum : 4 personnes.<\/strong><br \/>\n<strong>Conditions de paiement : 100 % d\u2019avance.<\/strong><\/p>\n<p><em><strong>Les personnes souhaitant visiter Les Caves de Cricova sont pri\u00e9es de confirmer leurparticipation en envoyant un message \u00e0 l\u2019adresse suivante : <a href=\"mailto:angela.gradinaru@usm.md\">angela.gradinaru@usm.md<\/a><\/strong><\/em><\/p>\n<p style=\"text-align: center;\">\n<p style=\"text-align: center;\"><img fetchpriority=\"high\" decoding=\"async\" class=\"alignnone wp-image-49\" src=\"http:\/\/codfreurcor14.usm.md\/wp-content\/uploads\/2026\/03\/c3-300x199.png\" alt=\"\" width=\"386\" height=\"256\" srcset=\"https:\/\/codfreurcor14.usm.md\/wp-content\/uploads\/2026\/03\/c3-300x199.png 300w, https:\/\/codfreurcor14.usm.md\/wp-content\/uploads\/2026\/03\/c3-768x509.png 768w, https:\/\/codfreurcor14.usm.md\/wp-content\/uploads\/2026\/03\/c3.png 906w\" sizes=\"(max-width: 386px) 100vw, 386px\" \/><\/p>\n<p style=\"text-align: center;\"><img decoding=\"async\" class=\"alignnone wp-image-50\" src=\"http:\/\/codfreurcor14.usm.md\/wp-content\/uploads\/2026\/03\/c4-300x200.png\" alt=\"\" width=\"384\" height=\"256\" srcset=\"https:\/\/codfreurcor14.usm.md\/wp-content\/uploads\/2026\/03\/c4-300x200.png 300w, https:\/\/codfreurcor14.usm.md\/wp-content\/uploads\/2026\/03\/c4-768x511.png 768w, https:\/\/codfreurcor14.usm.md\/wp-content\/uploads\/2026\/03\/c4.png 909w\" sizes=\"(max-width: 384px) 100vw, 384px\" \/><\/p>\n<p style=\"text-align: center;\"><img loading=\"lazy\" decoding=\"async\" class=\"alignnone wp-image-51\" src=\"http:\/\/codfreurcor14.usm.md\/wp-content\/uploads\/2026\/03\/c5-300x199.png\" alt=\"\" width=\"381\" height=\"253\" srcset=\"https:\/\/codfreurcor14.usm.md\/wp-content\/uploads\/2026\/03\/c5-300x199.png 300w, https:\/\/codfreurcor14.usm.md\/wp-content\/uploads\/2026\/03\/c5-768x509.png 768w, https:\/\/codfreurcor14.usm.md\/wp-content\/uploads\/2026\/03\/c5.png 910w\" sizes=\"(max-width: 381px) 100vw, 381px\" \/><\/p>\n<p style=\"text-align: center;\"><img loading=\"lazy\" decoding=\"async\" class=\"alignnone wp-image-52\" src=\"http:\/\/codfreurcor14.usm.md\/wp-content\/uploads\/2026\/03\/c6-300x200.png\" alt=\"\" width=\"383\" height=\"255\" srcset=\"https:\/\/codfreurcor14.usm.md\/wp-content\/uploads\/2026\/03\/c6-300x200.png 300w, https:\/\/codfreurcor14.usm.md\/wp-content\/uploads\/2026\/03\/c6-768x513.png 768w, https:\/\/codfreurcor14.usm.md\/wp-content\/uploads\/2026\/03\/c6.png 909w\" sizes=\"(max-width: 383px) 100vw, 383px\" \/><\/p>\n<p style=\"text-align: center;\"><img loading=\"lazy\" decoding=\"async\" class=\"alignnone size-medium wp-image-53\" src=\"http:\/\/codfreurcor14.usm.md\/wp-content\/uploads\/2026\/03\/c7-197x300.png\" alt=\"\" width=\"197\" height=\"300\" srcset=\"https:\/\/codfreurcor14.usm.md\/wp-content\/uploads\/2026\/03\/c7-197x300.png 197w, https:\/\/codfreurcor14.usm.md\/wp-content\/uploads\/2026\/03\/c7.png 449w\" sizes=\"(max-width: 197px) 100vw, 197px\" \/><\/p>\n<p style=\"text-align: center;\"><img loading=\"lazy\" decoding=\"async\" class=\"alignnone wp-image-54\" src=\"http:\/\/codfreurcor14.usm.md\/wp-content\/uploads\/2026\/03\/c8-300x149.png\" alt=\"\" width=\"402\" height=\"200\" srcset=\"https:\/\/codfreurcor14.usm.md\/wp-content\/uploads\/2026\/03\/c8-300x149.png 300w, https:\/\/codfreurcor14.usm.md\/wp-content\/uploads\/2026\/03\/c8-768x381.png 768w, https:\/\/codfreurcor14.usm.md\/wp-content\/uploads\/2026\/03\/c8.png 909w\" sizes=\"(max-width: 402px) 100vw, 402px\" \/><\/p>\n<p style=\"text-align: center;\"><img loading=\"lazy\" decoding=\"async\" class=\"alignnone wp-image-55\" src=\"http:\/\/codfreurcor14.usm.md\/wp-content\/uploads\/2026\/03\/c9-300x199.png\" alt=\"\" width=\"399\" height=\"265\" srcset=\"https:\/\/codfreurcor14.usm.md\/wp-content\/uploads\/2026\/03\/c9-300x199.png 300w, https:\/\/codfreurcor14.usm.md\/wp-content\/uploads\/2026\/03\/c9-768x511.png 768w, https:\/\/codfreurcor14.usm.md\/wp-content\/uploads\/2026\/03\/c9.png 910w\" sizes=\"(max-width: 399px) 100vw, 399px\" \/><\/p>\n<p style=\"text-align: center;\"><img loading=\"lazy\" decoding=\"async\" class=\"alignnone wp-image-56\" src=\"http:\/\/codfreurcor14.usm.md\/wp-content\/uploads\/2026\/03\/c10-300x199.png\" alt=\"\" width=\"399\" height=\"265\" srcset=\"https:\/\/codfreurcor14.usm.md\/wp-content\/uploads\/2026\/03\/c10-300x199.png 300w, https:\/\/codfreurcor14.usm.md\/wp-content\/uploads\/2026\/03\/c10-768x509.png 768w, https:\/\/codfreurcor14.usm.md\/wp-content\/uploads\/2026\/03\/c10.png 908w\" sizes=\"(max-width: 399px) 100vw, 399px\" \/><\/p>\n<p style=\"text-align: center;\"><img loading=\"lazy\" decoding=\"async\" class=\"alignnone wp-image-57\" src=\"http:\/\/codfreurcor14.usm.md\/wp-content\/uploads\/2026\/03\/\u04411-300x199.png\" alt=\"\" width=\"395\" height=\"262\" srcset=\"https:\/\/codfreurcor14.usm.md\/wp-content\/uploads\/2026\/03\/\u04411-300x199.png 300w, https:\/\/codfreurcor14.usm.md\/wp-content\/uploads\/2026\/03\/\u04411-768x511.png 768w, https:\/\/codfreurcor14.usm.md\/wp-content\/uploads\/2026\/03\/\u04411.png 889w\" sizes=\"(max-width: 395px) 100vw, 395px\" \/><\/p>\n<p style=\"text-align: center;\"><img loading=\"lazy\" decoding=\"async\" class=\"alignnone wp-image-58\" src=\"http:\/\/codfreurcor14.usm.md\/wp-content\/uploads\/2026\/03\/c2-300x198.png\" alt=\"\" width=\"391\" height=\"258\" srcset=\"https:\/\/codfreurcor14.usm.md\/wp-content\/uploads\/2026\/03\/c2-300x198.png 300w, https:\/\/codfreurcor14.usm.md\/wp-content\/uploads\/2026\/03\/c2-768x507.png 768w, https:\/\/codfreurcor14.usm.md\/wp-content\/uploads\/2026\/03\/c2.png 905w\" sizes=\"(max-width: 391px) 100vw, 391px\" \/><\/p>\n<p style=\"text-align: center;\"><img loading=\"lazy\" decoding=\"async\" class=\"alignnone wp-image-59\" src=\"http:\/\/codfreurcor14.usm.md\/wp-content\/uploads\/2026\/03\/c11-300x200.png\" alt=\"\" width=\"387\" height=\"258\" srcset=\"https:\/\/codfreurcor14.usm.md\/wp-content\/uploads\/2026\/03\/c11-300x200.png 300w, https:\/\/codfreurcor14.usm.md\/wp-content\/uploads\/2026\/03\/c11-768x512.png 768w, https:\/\/codfreurcor14.usm.md\/wp-content\/uploads\/2026\/03\/c11.png 912w\" sizes=\"(max-width: 387px) 100vw, 387px\" \/><\/p>\n<p style=\"text-align: center;\"><img loading=\"lazy\" decoding=\"async\" class=\"alignnone wp-image-60\" src=\"http:\/\/codfreurcor14.usm.md\/wp-content\/uploads\/2026\/03\/c12-300x198.png\" alt=\"\" width=\"382\" height=\"252\" srcset=\"https:\/\/codfreurcor14.usm.md\/wp-content\/uploads\/2026\/03\/c12-300x198.png 300w, https:\/\/codfreurcor14.usm.md\/wp-content\/uploads\/2026\/03\/c12-768x506.png 768w, https:\/\/codfreurcor14.usm.md\/wp-content\/uploads\/2026\/03\/c12.png 912w\" sizes=\"(max-width: 382px) 100vw, 382px\" \/><\/p>\n<p style=\"text-align: center;\"><img loading=\"lazy\" decoding=\"async\" class=\"alignnone wp-image-61\" src=\"http:\/\/codfreurcor14.usm.md\/wp-content\/uploads\/2026\/03\/c13-300x200.png\" alt=\"\" width=\"378\" height=\"252\" srcset=\"https:\/\/codfreurcor14.usm.md\/wp-content\/uploads\/2026\/03\/c13-300x200.png 300w, https:\/\/codfreurcor14.usm.md\/wp-content\/uploads\/2026\/03\/c13-768x512.png 768w, https:\/\/codfreurcor14.usm.md\/wp-content\/uploads\/2026\/03\/c13.png 912w\" sizes=\"(max-width: 378px) 100vw, 378px\" \/><\/p>\n<p style=\"text-align: center;\"><img loading=\"lazy\" decoding=\"async\" class=\"alignnone wp-image-62\" src=\"http:\/\/codfreurcor14.usm.md\/wp-content\/uploads\/2026\/03\/c14-300x198.png\" alt=\"\" width=\"370\" height=\"244\" srcset=\"https:\/\/codfreurcor14.usm.md\/wp-content\/uploads\/2026\/03\/c14-300x198.png 300w, https:\/\/codfreurcor14.usm.md\/wp-content\/uploads\/2026\/03\/c14-768x507.png 768w, https:\/\/codfreurcor14.usm.md\/wp-content\/uploads\/2026\/03\/c14.png 909w\" sizes=\"(max-width: 370px) 100vw, 370px\" \/><\/p>\n<p style=\"text-align: center;\"><img loading=\"lazy\" decoding=\"async\" class=\"alignnone wp-image-63\" src=\"http:\/\/codfreurcor14.usm.md\/wp-content\/uploads\/2026\/03\/c15-300x200.png\" alt=\"\" width=\"378\" height=\"252\" srcset=\"https:\/\/codfreurcor14.usm.md\/wp-content\/uploads\/2026\/03\/c15-300x200.png 300w, https:\/\/codfreurcor14.usm.md\/wp-content\/uploads\/2026\/03\/c15-768x512.png 768w, https:\/\/codfreurcor14.usm.md\/wp-content\/uploads\/2026\/03\/c15.png 910w\" sizes=\"(max-width: 378px) 100vw, 378px\" \/><\/p>\n<p style=\"text-align: center;\"><img loading=\"lazy\" decoding=\"async\" class=\"alignnone wp-image-64\" src=\"http:\/\/codfreurcor14.usm.md\/wp-content\/uploads\/2026\/03\/c16-300x200.png\" alt=\"\" width=\"374\" height=\"249\" srcset=\"https:\/\/codfreurcor14.usm.md\/wp-content\/uploads\/2026\/03\/c16-300x200.png 300w, https:\/\/codfreurcor14.usm.md\/wp-content\/uploads\/2026\/03\/c16-768x512.png 768w, https:\/\/codfreurcor14.usm.md\/wp-content\/uploads\/2026\/03\/c16.png 909w\" sizes=\"(max-width: 374px) 100vw, 374px\" \/><\/p>\n<p><img loading=\"lazy\" decoding=\"async\" class=\"alignnone wp-image-65 aligncenter\" src=\"http:\/\/codfreurcor14.usm.md\/wp-content\/uploads\/2026\/03\/c17-300x199.png\" alt=\"\" width=\"366\" height=\"243\" srcset=\"https:\/\/codfreurcor14.usm.md\/wp-content\/uploads\/2026\/03\/c17-300x199.png 300w, https:\/\/codfreurcor14.usm.md\/wp-content\/uploads\/2026\/03\/c17-768x510.png 768w, https:\/\/codfreurcor14.usm.md\/wp-content\/uploads\/2026\/03\/c17.png 911w\" sizes=\"(max-width: 366px) 100vw, 366px\" \/><\/p>\n<p>&nbsp;<\/p>","protected":false},"excerpt":{"rendered":"<p>https:\/\/winetours.md\/vinarii\/vinaria-cricova https:\/\/wine.md\/content\/excursie-cricova Vin\u0103ria Cricova (Les Caves de Cricova) \u2013 La Cit\u00e9 Souterraine du Vin de Moldavie Les Caves de Cricova sont consid\u00e9r\u00e9es comme l\u2019une des caves les plus prestigieuses deMoldavie. Ce complexe souterrain unique est connu mondialement pour sesimpressionnantes galeries, qui s\u2019\u00e9tendent sur plus de 70 km et abritent une collectionremarquable de vins \u2013 l\u2019\u0152noth\u00e8que&hellip; <br \/> <a class=\"read-more\" href=\"https:\/\/codfreurcor14.usm.md\/index.php\/les-caves-de-cricova\/\">Lire la suite<\/a><\/p>\n","protected":false},"author":1,"featured_media":0,"parent":0,"menu_order":0,"comment_status":"closed","ping_status":"closed","template":"","meta":{"footnotes":""},"class_list":["post-46","page","type-page","status-publish","hentry"],"_links":{"self":[{"href":"https:\/\/codfreurcor14.usm.md\/index.php\/wp-json\/wp\/v2\/pages\/46","targetHints":{"allow":["GET"]}}],"collection":[{"href":"https:\/\/codfreurcor14.usm.md\/index.php\/wp-json\/wp\/v2\/pages"}],"about":[{"href":"https:\/\/codfreurcor14.usm.md\/index.php\/wp-json\/wp\/v2\/types\/page"}],"author":[{"embeddable":true,"href":"https:\/\/codfreurcor14.usm.md\/index.php\/wp-json\/wp\/v2\/users\/1"}],"replies":[{"embeddable":true,"href":"https:\/\/codfreurcor14.usm.md\/index.php\/wp-json\/wp\/v2\/comments?post=46"}],"version-history":[{"count":5,"href":"https:\/\/codfreurcor14.usm.md\/index.php\/wp-json\/wp\/v2\/pages\/46\/revisions"}],"predecessor-version":[{"id":69,"href":"https:\/\/codfreurcor14.usm.md\/index.php\/wp-json\/wp\/v2\/pages\/46\/revisions\/69"}],"wp:attachment":[{"href":"https:\/\/codfreurcor14.usm.md\/index.php\/wp-json\/wp\/v2\/media?parent=46"}],"curies":[{"name":"wp","href":"https:\/\/api.w.org\/{rel}","templated":true}]}}