{"id":43,"date":"2026-03-06T10:24:07","date_gmt":"2026-03-06T10:24:07","guid":{"rendered":"http:\/\/codfreurcor14.usm.md\/?page_id=43"},"modified":"2026-03-06T10:25:42","modified_gmt":"2026-03-06T10:25:42","slug":"adresses-des-hotels-a-chisinau","status":"publish","type":"page","link":"https:\/\/codfreurcor14.usm.md\/index.php\/adresses-des-hotels-a-chisinau\/","title":{"rendered":"Adresses des h\u00f4tels \u00e0 Chi\u0219in\u0103u"},"content":{"rendered":"<p>Vous pouvez consulter ci-dessous la liste des h\u00f4tels dans le centre de la ville et \u00e0 proximit\u00e9 de l\u2019Universit\u00e9 d\u2019Etat de Moldova<\/p>\n<p><strong>Bernardazzi Grand Hotel<\/strong><\/p>\n<p>Strada Alexandru Bernardazzi 38, Chi\u0219in\u0103u<br \/>\nNum\u0103r de telefon: +373 688 50 500<br \/>\nwww.bernrdazzi.md<\/p>\n<p><a href=\"https:\/\/www.booking.com\/hotel\/md\/bernardazzi-grand.fr.html?aid=311984&amp;label=bernardazzi-grand-fNQL7wDrTF0I81H2RJTdpAS440453371430%3Apl%3Ata%3Ap1%3Ap2%3Aac%3Aap%3Aneg%3Afi%3Atiaud-2382347442888%3Akwd-771073368381%3Alp9195854%3Ali%3Adec%3Adm%3Appccp%3DUmFuZG9tSVYkc2RlIyh9YTQUGSsRwx9_3qo3uPTHyoo&amp;sid=d039630eedb211c101aebba4bbb74cd1&amp;all_sr_blocks=488812801_424353044_2_1_0&amp;checkin=2026-02-19&amp;checkout=2026-02-20&amp;dest_id=-2276223&amp;dest_type=city&amp;dist=0&amp;group_adults=2&amp;group_children=0&amp;hapos=1&amp;highlighted_blocks=488812801_424353044_2_1_0&amp;hpos=1&amp;matching_block_id=488812801_424353044_2_1_0&amp;no_rooms=1&amp;req_adults=2&amp;req_children=0&amp;room1=A%2CA&amp;sb_price_type=total&amp;sr_order=popularity&amp;sr_pri_blocks=488812801_424353044_2_1_0__255000&amp;srepoch=1771171921&amp;srpvid=dd49f67d5a9274872372a94951f06c50&amp;type=total&amp;ucfs=1&amp;\">https:\/\/www.booking.com\/hotel\/md\/bernardazzi-grand.fr.html?aid=311984&amp;label=bernardazzi-grand-fNQL7wDrTF0I81H2RJTdpAS440453371430%3Apl%3Ata%3Ap1%3Ap2%3Aac%3Aap%3Aneg%3Afi%3Atiaud-2382347442888%3Akwd-771073368381%3Alp9195854%3Ali%3Adec%3Adm%3Appccp%3DUmFuZG9tSVYkc2RlIyh9YTQUGSsRwx9_3qo3uPTHyoo&amp;sid=d039630eedb211c101aebba4bbb74cd1&amp;all_sr_blocks=488812801_424353044_2_1_0&amp;checkin=2026-02-19&amp;checkout=2026-02-20&amp;dest_id=-2276223&amp;dest_type=city&amp;dist=0&amp;group_adults=2&amp;group_children=0&amp;hapos=1&amp;highlighted_blocks=488812801_424353044_2_1_0&amp;hpos=1&amp;matching_block_id=488812801_424353044_2_1_0&amp;no_rooms=1&amp;req_adults=2&amp;req_children=0&amp;room1=A%2CA&amp;sb_price_type=total&amp;sr_order=popularity&amp;sr_pri_blocks=488812801_424353044_2_1_0__255000&amp;srepoch=1771171921&amp;srpvid=dd49f67d5a9274872372a94951f06c50&amp;type=total&amp;ucfs=1&amp;<\/a><\/p>\n<p><strong>Hotel Olsi<\/strong><br \/>\nBernardazzi Street 26\/3, MD 2012 Chi\u015fin\u0103u, Moldavie<\/p>\n<p><a href=\"https:\/\/www.booking.com\/hotel\/md\/olsi-mini-spa.ro.html?aid=356938&amp;label=metagha-link-LUMD-hotel-290392_dev-desktop_los-1_bw-4_dow-Thursday_defdate-1_room-0_gstadt-2_rateid-ein1_aud-9181518013_gacid-21404706195_mcid-10_ppa-0_clrid-0_ad-1_gstkid-0_checkin-20260219_ppt-G1Bd_lp-2498_r-16246851899298384080&amp;sid=14577b6d1c1865d5d1bb75df3eb24e08&amp;all_sr_blocks=29039203_326338153_2_1_0&amp;checkin=2026-02-19&amp;checkout=2026-02-20&amp;dest_id=290392&amp;dest_type=hotel&amp;group_adults=2&amp;group_children=0&amp;hapos=1&amp;highlighted_blocks=29039203_326338153_2_1_0&amp;hpos=1&amp;keep_landing=1&amp;matching_block_id=29039203_326338153_2_1_0&amp;no_rooms=1&amp;req_adults=2&amp;req_children=0&amp;sb_price_type=total&amp;sr_order=popularity&amp;sr_pri_blocks=29039203_326338153_2_1_0__141750&amp;srepoch=1771171566&amp;srpvid=85a9c9f2f7aef414a5b6fdaf02811aa1&amp;type=total&amp;ucfs=1&amp;gclid=CjwKCAiA-sXMBhAOEiwAGGw6LE7RQuwWXSh2PGJBkbH0S_Jbqy1KLcCy05dOwf7wnuvocw6917_tGhoCOLAQAvD_BwE&amp;utm_campaign=MD&amp;utm_content=dev-desktop_los-1_bw-4_dow-Thursday_defdate-1_room-0_gstadt-2_rateid-ein1_aud-9181518013_gacid-21404706195_mcid-10_ppa-0_clrid-0_ad-1_gstkid-0_checkin-20260219_ppt-G1Bd&amp;utm_medium=localuniversal&amp;utm_source=metagha&amp;utm_term=hotel-290392&amp;\">https:\/\/www.booking.com\/hotel\/md\/olsi-mini-spa.ro.html?aid=356938&amp;label=metagha-link-LUMD-hotel-290392_dev-desktop_los-1_bw-4_dow-Thursday_defdate-1_room-0_gstadt-2_rateid-ein1_aud-9181518013_gacid-21404706195_mcid-10_ppa-0_clrid-0_ad-1_gstkid-0_checkin-20260219_ppt-G1Bd_lp-2498_r-16246851899298384080&amp;sid=14577b6d1c1865d5d1bb75df3eb24e08&amp;all_sr_blocks=29039203_326338153_2_1_0&amp;checkin=2026-02-19&amp;checkout=2026-02-20&amp;dest_id=290392&amp;dest_type=hotel&amp;group_adults=2&amp;group_children=0&amp;hapos=1&amp;highlighted_blocks=29039203_326338153_2_1_0&amp;hpos=1&amp;keep_landing=1&amp;matching_block_id=29039203_326338153_2_1_0&amp;no_rooms=1&amp;req_adults=2&amp;req_children=0&amp;sb_price_type=total&amp;sr_order=popularity&amp;sr_pri_blocks=29039203_326338153_2_1_0__141750&amp;srepoch=1771171566&amp;srpvid=85a9c9f2f7aef414a5b6fdaf02811aa1&amp;type=total&amp;ucfs=1&amp;gclid=CjwKCAiA-sXMBhAOEiwAGGw6LE7RQuwWXSh2PGJBkbH0S_Jbqy1KLcCy05dOwf7wnuvocw6917_tGhoCOLAQAvD_BwE&amp;utm_campaign=MD&amp;utm_content=dev-desktop_los-1_bw-4_dow-Thursday_defdate-1_room-0_gstadt-2_rateid-ein1_aud-9181518013_gacid-21404706195_mcid-10_ppa-0_clrid-0_ad-1_gstkid-0_checkin-20260219_ppt-G1Bd&amp;utm_medium=localuniversal&amp;utm_source=metagha&amp;utm_term=hotel-290392&amp;<\/a><\/p>\n<p><strong>ZENTRUM Hotel<\/strong><br \/>\n31 August 1989 St, 103, 2012 Chi\u015fin\u0103u, Moldavie<\/p>\n<p><a href=\"https:\/\/www.booking.com\/hotel\/md\/zentrum-apartments.fr.html?label=metagha-link-LUMD-hotel-1553226_dev-desktop_los-1_bw-4_dow-Thursday_defdate-1_room-0_gstadt-2_rateid-ein1_aud-9181518013_gacid-21404714796_mcid-10_ppa-1_clrid-0_ad-1_gstkid-0_checkin-20260219_ppt-G1_lp-2498_r-1224816153195386968&amp;sid=d039630eedb211c101aebba4bbb74cd1&amp;utm_source=metagha&amp;utm_medium=localuniversal&amp;utm_term=hotel-1553226&amp;utm_content=dev-desktop_los-1_bw-4_dow-Thursday_defdate-1_room-0_gstadt-2_rateid-ein1_aud-9181518013_gacid-21404714796_mcid-10_ppa-1_clrid-0_ad-1_gstkid-0_checkin-20260219_ppt-G1&amp;utm_campaign=MD&amp;gclid=CjwKCAiA-sXMBhAOEiwAGGw6LMQeRdtckFQaufRaBSsGthrqmwC8DKwesoSg5ncjW-ImlXxo7A-AnRoChDUQAvD_BwE&amp;aid=2419901&amp;ucfs=1&amp;checkin=2026-02-19&amp;checkout=2026-02-20&amp;group_adults=2&amp;no_rooms=1&amp;group_children=0&amp;srpvid=427b6f084f5f0821&amp;srepoch=1771170488&amp;matching_block_id=182184901_379404943_0_1_0&amp;atlas_src=hp_iw_title\">https:\/\/www.booking.com\/hotel\/md\/zentrum-apartments.fr.html?label=metagha-link-LUMD-hotel-1553226_dev-desktop_los-1_bw-4_dow-Thursday_defdate-1_room-0_gstadt-2_rateid-ein1_aud-9181518013_gacid-21404714796_mcid-10_ppa-1_clrid-0_ad-1_gstkid-0_checkin-20260219_ppt-G1_lp-2498_r-1224816153195386968&amp;sid=d039630eedb211c101aebba4bbb74cd1&amp;utm_source=metagha&amp;utm_medium=localuniversal&amp;utm_term=hotel-1553226&amp;utm_content=dev-desktop_los-1_bw-4_dow-Thursday_defdate-1_room-0_gstadt-2_rateid-ein1_aud-9181518013_gacid-21404714796_mcid-10_ppa-1_clrid-0_ad-1_gstkid-0_checkin-20260219_ppt-G1&amp;utm_campaign=MD&amp;gclid=CjwKCAiA-sXMBhAOEiwAGGw6LMQeRdtckFQaufRaBSsGthrqmwC8DKwesoSg5ncjW-ImlXxo7A-AnRoChDUQAvD_BwE&amp;aid=2419901&amp;ucfs=1&amp;checkin=2026-02-19&amp;checkout=2026-02-20&amp;group_adults=2&amp;no_rooms=1&amp;group_children=0&amp;srpvid=427b6f084f5f0821&amp;srepoch=1771170488&amp;matching_block_id=182184901_379404943_0_1_0&amp;atlas_src=hp_iw_title<\/a><\/p>\n<p><strong>Park Lane Hotel<\/strong><\/p>\n<p>Strada Mihail Kog\u0103lniceanu 93V, Chi\u0219in\u0103u, Num\u0103r de telefon: +373 767 72 222<\/p>\n<p><a href=\"https:\/\/www.booking.com\/hotel\/md\/park-lane.fr.html?aid=318615&amp;label=New_French_FR_5226377665-D6R5ujmWNO0TlFST85_5UAS640938625622%3Apl%3Ata%3Ap1%3Ap2%3Aac%3Aap%3Aneg&amp;sid=d039630eedb211c101aebba4bbb74cd1&amp;all_sr_blocks=228800602_99601589_0_1_0&amp;checkin=2026-02-19&amp;checkout=2026-02-20&amp;dest_id=-2276223&amp;dest_type=city&amp;dist=0&amp;group_adults=2&amp;group_children=0&amp;hapos=1&amp;highlighted_blocks=228800602_99601589_0_1_0&amp;hpos=1&amp;matching_block_id=228800602_99601589_0_1_0&amp;no_rooms=1&amp;req_adults=2&amp;req_children=0&amp;room1=A%2CA&amp;sb_price_type=total&amp;sr_order=popularity&amp;sr_pri_blocks=228800602_99601589_0_1_0__162360&amp;srepoch=1771170370&amp;srpvid=7e65ae46bb694e5024774dc2de4c8282&amp;type=total&amp;ucfs=1&amp;\">https:\/\/www.booking.com\/hotel\/md\/park-lane.fr.html?aid=318615&amp;label=New_French_FR_5226377665-D6R5ujmWNO0TlFST85_5UAS640938625622%3Apl%3Ata%3Ap1%3Ap2%3Aac%3Aap%3Aneg&amp;sid=d039630eedb211c101aebba4bbb74cd1&amp;all_sr_blocks=228800602_99601589_0_1_0&amp;checkin=2026-02-19&amp;checkout=2026-02-20&amp;dest_id=-2276223&amp;dest_type=city&amp;dist=0&amp;group_adults=2&amp;group_children=0&amp;hapos=1&amp;highlighted_blocks=228800602_99601589_0_1_0&amp;hpos=1&amp;matching_block_id=228800602_99601589_0_1_0&amp;no_rooms=1&amp;req_adults=2&amp;req_children=0&amp;room1=A%2CA&amp;sb_price_type=total&amp;sr_order=popularity&amp;sr_pri_blocks=228800602_99601589_0_1_0__162360&amp;srepoch=1771170370&amp;srpvid=7e65ae46bb694e5024774dc2de4c8282&amp;type=total&amp;ucfs=1&amp;<\/a><\/p>","protected":false},"excerpt":{"rendered":"<p>Vous pouvez consulter ci-dessous la liste des h\u00f4tels dans le centre de la ville et \u00e0 proximit\u00e9 de l\u2019Universit\u00e9 d\u2019Etat de Moldova Bernardazzi Grand Hotel Strada Alexandru Bernardazzi 38, Chi\u0219in\u0103u Num\u0103r de telefon: +373 688 50 500 www.bernrdazzi.md https:\/\/www.booking.com\/hotel\/md\/bernardazzi-grand.fr.html?aid=311984&amp;label=bernardazzi-grand-fNQL7wDrTF0I81H2RJTdpAS440453371430%3Apl%3Ata%3Ap1%3Ap2%3Aac%3Aap%3Aneg%3Afi%3Atiaud-2382347442888%3Akwd-771073368381%3Alp9195854%3Ali%3Adec%3Adm%3Appccp%3DUmFuZG9tSVYkc2RlIyh9YTQUGSsRwx9_3qo3uPTHyoo&amp;sid=d039630eedb211c101aebba4bbb74cd1&amp;all_sr_blocks=488812801_424353044_2_1_0&amp;checkin=2026-02-19&amp;checkout=2026-02-20&amp;dest_id=-2276223&amp;dest_type=city&amp;dist=0&amp;group_adults=2&amp;group_children=0&amp;hapos=1&amp;highlighted_blocks=488812801_424353044_2_1_0&amp;hpos=1&amp;matching_block_id=488812801_424353044_2_1_0&amp;no_rooms=1&amp;req_adults=2&amp;req_children=0&amp;room1=A%2CA&amp;sb_price_type=total&amp;sr_order=popularity&amp;sr_pri_blocks=488812801_424353044_2_1_0__255000&amp;srepoch=1771171921&amp;srpvid=dd49f67d5a9274872372a94951f06c50&amp;type=total&amp;ucfs=1&amp; Hotel Olsi Bernardazzi Street 26\/3, MD 2012 Chi\u015fin\u0103u, Moldavie https:\/\/www.booking.com\/hotel\/md\/olsi-mini-spa.ro.html?aid=356938&amp;label=metagha-link-LUMD-hotel-290392_dev-desktop_los-1_bw-4_dow-Thursday_defdate-1_room-0_gstadt-2_rateid-ein1_aud-9181518013_gacid-21404706195_mcid-10_ppa-0_clrid-0_ad-1_gstkid-0_checkin-20260219_ppt-G1Bd_lp-2498_r-16246851899298384080&amp;sid=14577b6d1c1865d5d1bb75df3eb24e08&amp;all_sr_blocks=29039203_326338153_2_1_0&amp;checkin=2026-02-19&amp;checkout=2026-02-20&amp;dest_id=290392&amp;dest_type=hotel&amp;group_adults=2&amp;group_children=0&amp;hapos=1&amp;highlighted_blocks=29039203_326338153_2_1_0&amp;hpos=1&amp;keep_landing=1&amp;matching_block_id=29039203_326338153_2_1_0&amp;no_rooms=1&amp;req_adults=2&amp;req_children=0&amp;sb_price_type=total&amp;sr_order=popularity&amp;sr_pri_blocks=29039203_326338153_2_1_0__141750&amp;srepoch=1771171566&amp;srpvid=85a9c9f2f7aef414a5b6fdaf02811aa1&amp;type=total&amp;ucfs=1&amp;gclid=CjwKCAiA-sXMBhAOEiwAGGw6LE7RQuwWXSh2PGJBkbH0S_Jbqy1KLcCy05dOwf7wnuvocw6917_tGhoCOLAQAvD_BwE&amp;utm_campaign=MD&amp;utm_content=dev-desktop_los-1_bw-4_dow-Thursday_defdate-1_room-0_gstadt-2_rateid-ein1_aud-9181518013_gacid-21404706195_mcid-10_ppa-0_clrid-0_ad-1_gstkid-0_checkin-20260219_ppt-G1Bd&amp;utm_medium=localuniversal&amp;utm_source=metagha&amp;utm_term=hotel-290392&amp; ZENTRUM Hotel 31 August 1989 St,&hellip; <br \/> <a class=\"read-more\" href=\"https:\/\/codfreurcor14.usm.md\/index.php\/adresses-des-hotels-a-chisinau\/\">Lire la suite<\/a><\/p>\n","protected":false},"author":1,"featured_media":0,"parent":0,"menu_order":0,"comment_status":"closed","ping_status":"closed","template":"","meta":{"footnotes":""},"class_list":["post-43","page","type-page","status-publish","hentry"],"_links":{"self":[{"href":"https:\/\/codfreurcor14.usm.md\/index.php\/wp-json\/wp\/v2\/pages\/43","targetHints":{"allow":["GET"]}}],"collection":[{"href":"https:\/\/codfreurcor14.usm.md\/index.php\/wp-json\/wp\/v2\/pages"}],"about":[{"href":"https:\/\/codfreurcor14.usm.md\/index.php\/wp-json\/wp\/v2\/types\/page"}],"author":[{"embeddable":true,"href":"https:\/\/codfreurcor14.usm.md\/index.php\/wp-json\/wp\/v2\/users\/1"}],"replies":[{"embeddable":true,"href":"https:\/\/codfreurcor14.usm.md\/index.php\/wp-json\/wp\/v2\/comments?post=43"}],"version-history":[{"count":2,"href":"https:\/\/codfreurcor14.usm.md\/index.php\/wp-json\/wp\/v2\/pages\/43\/revisions"}],"predecessor-version":[{"id":45,"href":"https:\/\/codfreurcor14.usm.md\/index.php\/wp-json\/wp\/v2\/pages\/43\/revisions\/45"}],"wp:attachment":[{"href":"https:\/\/codfreurcor14.usm.md\/index.php\/wp-json\/wp\/v2\/media?parent=43"}],"curies":[{"name":"wp","href":"https:\/\/api.w.org\/{rel}","templated":true}]}}