{"id":25,"date":"2026-03-05T15:23:27","date_gmt":"2026-03-05T15:23:27","guid":{"rendered":"http:\/\/codfreurcor14.usm.md\/?page_id=25"},"modified":"2026-03-05T15:27:20","modified_gmt":"2026-03-05T15:27:20","slug":"partenaires","status":"publish","type":"page","link":"https:\/\/codfreurcor14.usm.md\/index.php\/partenaires\/","title":{"rendered":"Partenaires"},"content":{"rendered":"<p><img decoding=\"async\" class=\"alignnone size-full wp-image-9\" src=\"http:\/\/codfreurcor14.usm.md\/wp-content\/uploads\/2026\/03\/cropped-cropped-logo_dark_22-1.png\" alt=\"\" width=\"99\" height=\"171\" \/><\/p>\n<p>Universit\u00e9 d\u2019\u00c9tat de Moldova<\/p>\n<p>&nbsp;<\/p>\n<p><img fetchpriority=\"high\" decoding=\"async\" class=\"alignnone size-medium wp-image-33\" src=\"http:\/\/codfreurcor14.usm.md\/wp-content\/uploads\/2026\/03\/AUF-300x212.png\" alt=\"\" width=\"300\" height=\"212\" srcset=\"https:\/\/codfreurcor14.usm.md\/wp-content\/uploads\/2026\/03\/AUF-300x212.png 300w, https:\/\/codfreurcor14.usm.md\/wp-content\/uploads\/2026\/03\/AUF.png 601w\" sizes=\"(max-width: 300px) 100vw, 300px\" \/><\/p>\n<p>Bureau National de l\u2019Agence Universitaire de la Francophonie en R\u00e9publique de Moldova<\/p>\n<p>&nbsp;<\/p>\n<p><img decoding=\"async\" class=\"alignnone size-medium wp-image-30\" src=\"http:\/\/codfreurcor14.usm.md\/wp-content\/uploads\/2026\/03\/cropped-banniere-1-300x84.png\" alt=\"\" width=\"300\" height=\"84\" srcset=\"https:\/\/codfreurcor14.usm.md\/wp-content\/uploads\/2026\/03\/cropped-banniere-1-300x84.png 300w, https:\/\/codfreurcor14.usm.md\/wp-content\/uploads\/2026\/03\/cropped-banniere-1-1024x285.png 1024w, https:\/\/codfreurcor14.usm.md\/wp-content\/uploads\/2026\/03\/cropped-banniere-1-768x214.png 768w, https:\/\/codfreurcor14.usm.md\/wp-content\/uploads\/2026\/03\/cropped-banniere-1-1536x428.png 1536w, https:\/\/codfreurcor14.usm.md\/wp-content\/uploads\/2026\/03\/cropped-banniere-1.png 1557w\" sizes=\"(max-width: 300px) 100vw, 300px\" \/><\/p>\n<p>Association des Facult\u00e9s et \u00c9tablissements de Lettres et Sciences Humaines<\/p>\n<p>&nbsp;<\/p>\n<p><img loading=\"lazy\" decoding=\"async\" class=\"alignnone size-full wp-image-28\" src=\"http:\/\/codfreurcor14.usm.md\/wp-content\/uploads\/2026\/03\/anlea.png\" alt=\"\" width=\"278\" height=\"96\" \/><\/p>\n<p>Association Nationale des Langues Modernes Appliqu\u00e9es<\/p>\n<p>&nbsp;<\/p>\n<p><img loading=\"lazy\" decoding=\"async\" class=\"alignnone size-full wp-image-27\" src=\"http:\/\/codfreurcor14.usm.md\/wp-content\/uploads\/2026\/03\/ailea.png\" alt=\"\" width=\"250\" height=\"150\" \/><\/p>\n<p>Association Internationale des Langues Modernes Appliqu\u00e9es<\/p>\n<p>&nbsp;<\/p>\n<p><img loading=\"lazy\" decoding=\"async\" class=\"alignnone size-medium wp-image-29\" src=\"http:\/\/codfreurcor14.usm.md\/wp-content\/uploads\/2026\/03\/CODFREURCOR-300x77.png\" alt=\"\" width=\"300\" height=\"77\" srcset=\"https:\/\/codfreurcor14.usm.md\/wp-content\/uploads\/2026\/03\/CODFREURCOR-300x77.png 300w, https:\/\/codfreurcor14.usm.md\/wp-content\/uploads\/2026\/03\/CODFREURCOR.png 733w\" sizes=\"(max-width: 300px) 100vw, 300px\" \/><\/p>\n<p>Coll\u00e8ge Doctoral Francophone en Sciences Humaines(CODFREURCOR)<\/p>\n<p>&nbsp;<\/p>\n<p><img loading=\"lazy\" decoding=\"async\" class=\"alignnone size-medium wp-image-31\" src=\"http:\/\/codfreurcor14.usm.md\/wp-content\/uploads\/2026\/03\/icr-300x104.jpg\" alt=\"\" width=\"300\" height=\"104\" srcset=\"https:\/\/codfreurcor14.usm.md\/wp-content\/uploads\/2026\/03\/icr-300x104.jpg 300w, https:\/\/codfreurcor14.usm.md\/wp-content\/uploads\/2026\/03\/icr.jpg 500w\" sizes=\"(max-width: 300px) 100vw, 300px\" \/><\/p>\n<p>Institut Culturel Roumain<\/p>\n<p>&nbsp;<\/p>\n<p><strong>AUTRES UNIVERSIT\u00c9S PARTENAIRES :<\/strong><\/p>\n<p>Universit\u00e9 \u00ab \u0218tefan cel Mare \u00bb, Suceava, Roumanie<\/p>\n<p>Universit\u00e9 de l\u2019Ouest de Timi\u015foara, Roumanie<\/p>\n<p>Universit\u00e9 de Craiova, Roumanie<\/p>\n<p>Universit\u00e9 Alexandru Ioan Cuza, Ia\u015fi, Roumanie<\/p>\n<p>Universit\u00e9 d\u2019\u00c9tat Ilia, Tbilissi, G\u00e9orgie<\/p>\n<p>Universit\u00e9 d\u2019\u00c9tat A. Tsereteli, Kouta\u00efssi, G\u00e9orgie<\/p>\n<p>Universit\u00e9 d\u2019\u00c9tat Chota Rustaveli, Batoumi, G\u00e9orgie<\/p>\n<p>Universit\u00e9 de Li\u00e8ge, Belgique<\/p>\n<p>Universit\u00e9 Aix-Marseille, France<\/p>\n<p>Universit\u00e9 de Lille, France<\/p>\n<p>Universit\u00e9 Lyon 2, France<\/p>\n<p>Universit\u00e9 de Hano\u00ef, Vietnam<\/p>\n<p>Universit\u00e9 de Trente, Italie<\/p>\n<p>Universit\u00e9 d\u2019\u00c9tat d\u2019Erevan, Arm\u00e9nie<\/p>\n<p>Universit\u00e9 d\u2019\u00c9tat V. Brussov des Langues et Sciences Sociales, Arm\u00e9nie<\/p>\n<p>Universit\u00e9 Saint Cl\u00e9ment d\u2019Ohrid de Sofia, Bulgarie<\/p>\n<p>Universit\u00e9 Libre Internationale de Moldavie<\/p>\n<p>Universit\u00e9 d\u2019\u00c9tat Alecu Russo de B\u0103l\u021bi, R\u00e9publique de Moldavie<\/p>\n<p>Universit\u00e9 P\u00e9dagogique d\u2019\u00c9tat \u00ab Ion Creang\u0103 \u00bb de Chi\u0219in\u0103u<\/p>","protected":false},"excerpt":{"rendered":"<p>Universit\u00e9 d\u2019\u00c9tat de Moldova &nbsp; Bureau National de l\u2019Agence Universitaire de la Francophonie en R\u00e9publique de Moldova &nbsp; Association des Facult\u00e9s et \u00c9tablissements de Lettres et Sciences Humaines &nbsp; Association Nationale des Langues Modernes Appliqu\u00e9es &nbsp; Association Internationale des Langues Modernes Appliqu\u00e9es &nbsp; Coll\u00e8ge Doctoral Francophone en Sciences Humaines(CODFREURCOR) &nbsp; Institut Culturel Roumain &nbsp; AUTRES&hellip; <br \/> <a class=\"read-more\" href=\"https:\/\/codfreurcor14.usm.md\/index.php\/partenaires\/\">Lire la suite<\/a><\/p>\n","protected":false},"author":1,"featured_media":0,"parent":0,"menu_order":0,"comment_status":"closed","ping_status":"closed","template":"","meta":{"footnotes":""},"class_list":["post-25","page","type-page","status-publish","hentry"],"_links":{"self":[{"href":"https:\/\/codfreurcor14.usm.md\/index.php\/wp-json\/wp\/v2\/pages\/25","targetHints":{"allow":["GET"]}}],"collection":[{"href":"https:\/\/codfreurcor14.usm.md\/index.php\/wp-json\/wp\/v2\/pages"}],"about":[{"href":"https:\/\/codfreurcor14.usm.md\/index.php\/wp-json\/wp\/v2\/types\/page"}],"author":[{"embeddable":true,"href":"https:\/\/codfreurcor14.usm.md\/index.php\/wp-json\/wp\/v2\/users\/1"}],"replies":[{"embeddable":true,"href":"https:\/\/codfreurcor14.usm.md\/index.php\/wp-json\/wp\/v2\/comments?post=25"}],"version-history":[{"count":2,"href":"https:\/\/codfreurcor14.usm.md\/index.php\/wp-json\/wp\/v2\/pages\/25\/revisions"}],"predecessor-version":[{"id":34,"href":"https:\/\/codfreurcor14.usm.md\/index.php\/wp-json\/wp\/v2\/pages\/25\/revisions\/34"}],"wp:attachment":[{"href":"https:\/\/codfreurcor14.usm.md\/index.php\/wp-json\/wp\/v2\/media?parent=25"}],"curies":[{"name":"wp","href":"https:\/\/api.w.org\/{rel}","templated":true}]}}