{"id":23,"date":"2026-03-05T15:13:48","date_gmt":"2026-03-05T15:13:48","guid":{"rendered":"http:\/\/codfreurcor14.usm.md\/?page_id=23"},"modified":"2026-03-05T15:13:48","modified_gmt":"2026-03-05T15:13:48","slug":"comite-dorganisation-du-colloque","status":"publish","type":"page","link":"https:\/\/codfreurcor14.usm.md\/index.php\/comite-dorganisation-du-colloque\/","title":{"rendered":"Comit\u00e9 d\u2019organisation du colloque"},"content":{"rendered":"<p>Angela GRADINARU, Universit\u00e9 d&rsquo;\u00c9tat de Moldova &#8211; pr\u00e9sidente<br \/>\nLudmila ZBAN\u021a, Universit\u00e9 d&rsquo;\u00c9tat de Moldova<br \/>\nMzago DOKTOURICHVILI, Universit\u00e9 d&rsquo;\u00c9tat Ilia de Tbilissi, G\u00e9orgie<br \/>\nNeli Ileana EIBEN, Universit\u00e9 de l\u2019Ouest de Timisoara, Roumanie<br \/>\nLudmila USAT\u00ceI, Universit\u00e9 d&rsquo;\u00c9tat de Moldova<br \/>\nViorica MOLO\u0218NIUC, Universit\u00e9 d&rsquo;\u00c9tat de Moldova<br \/>\nCristina CROSSU-CHIRIAC, Universit\u00e9 d&rsquo;\u00c9tat de Moldova<br \/>\nNina RO\u0218COVAN, Universit\u00e9 d&rsquo;\u00c9tat de Moldova<br \/>\nIrina BREAHN\u0102, Universit\u00e9 d&rsquo;\u00c9tat de Moldova<br \/>\nGabriela \u0218AGANEAN, Universit\u00e9 d&rsquo;\u00c9tat de Moldova<br \/>\nTatiana PORUMB, Universit\u00e9 d&rsquo;\u00c9tat de Moldova<br \/>\nEmilia TARABURCA, Universit\u00e9 d&rsquo;\u00c9tat de Moldova<br \/>\nIna SITNIC, Universit\u00e9 d&rsquo;\u00c9tat de Moldova<br \/>\nLarisa CEBUC, Universit\u00e9 d&rsquo;\u00c9tat de Moldova<br \/>\nRodica CARAGIA, Universit\u00e9 d&rsquo;\u00c9tat de Moldova<br \/>\nOxana CAPA\u021aINA, Universit\u00e9 d&rsquo;\u00c9tat de Moldova<br \/>\nNatalia MUCERSCHI, Universit\u00e9 d&rsquo;\u00c9tat de Moldova<br \/>\nSilviana CUPCIC, Universit\u00e9 d&rsquo;\u00c9tat de Moldova<br \/>\nVictoria SOLOVEI, Universit\u00e9 d&rsquo;\u00c9tat de Moldova<br \/>\nValeria DUCA, Universit\u00e9 d&rsquo;\u00c9tat de Moldova<br \/>\nVeaceslav FILIMON, Universit\u00e9 d&rsquo;\u00c9tat de Moldova<\/p>","protected":false},"excerpt":{"rendered":"<p>Angela GRADINARU, Universit\u00e9 d&rsquo;\u00c9tat de Moldova &#8211; pr\u00e9sidente Ludmila ZBAN\u021a, Universit\u00e9 d&rsquo;\u00c9tat de Moldova Mzago DOKTOURICHVILI, Universit\u00e9 d&rsquo;\u00c9tat Ilia de Tbilissi, G\u00e9orgie Neli Ileana EIBEN, Universit\u00e9 de l\u2019Ouest de Timisoara, Roumanie Ludmila USAT\u00ceI, Universit\u00e9 d&rsquo;\u00c9tat de Moldova Viorica MOLO\u0218NIUC, Universit\u00e9 d&rsquo;\u00c9tat de Moldova Cristina CROSSU-CHIRIAC, Universit\u00e9 d&rsquo;\u00c9tat de Moldova Nina RO\u0218COVAN, Universit\u00e9 d&rsquo;\u00c9tat de Moldova&hellip; <br \/> <a class=\"read-more\" href=\"https:\/\/codfreurcor14.usm.md\/index.php\/comite-dorganisation-du-colloque\/\">Lire la suite<\/a><\/p>\n","protected":false},"author":1,"featured_media":0,"parent":0,"menu_order":0,"comment_status":"closed","ping_status":"closed","template":"","meta":{"footnotes":""},"class_list":["post-23","page","type-page","status-publish","hentry"],"_links":{"self":[{"href":"https:\/\/codfreurcor14.usm.md\/index.php\/wp-json\/wp\/v2\/pages\/23","targetHints":{"allow":["GET"]}}],"collection":[{"href":"https:\/\/codfreurcor14.usm.md\/index.php\/wp-json\/wp\/v2\/pages"}],"about":[{"href":"https:\/\/codfreurcor14.usm.md\/index.php\/wp-json\/wp\/v2\/types\/page"}],"author":[{"embeddable":true,"href":"https:\/\/codfreurcor14.usm.md\/index.php\/wp-json\/wp\/v2\/users\/1"}],"replies":[{"embeddable":true,"href":"https:\/\/codfreurcor14.usm.md\/index.php\/wp-json\/wp\/v2\/comments?post=23"}],"version-history":[{"count":1,"href":"https:\/\/codfreurcor14.usm.md\/index.php\/wp-json\/wp\/v2\/pages\/23\/revisions"}],"predecessor-version":[{"id":24,"href":"https:\/\/codfreurcor14.usm.md\/index.php\/wp-json\/wp\/v2\/pages\/23\/revisions\/24"}],"wp:attachment":[{"href":"https:\/\/codfreurcor14.usm.md\/index.php\/wp-json\/wp\/v2\/media?parent=23"}],"curies":[{"name":"wp","href":"https:\/\/api.w.org\/{rel}","templated":true}]}}