{"id":21,"date":"2026-03-05T15:12:11","date_gmt":"2026-03-05T15:12:11","guid":{"rendered":"http:\/\/codfreurcor14.usm.md\/?page_id=21"},"modified":"2026-03-05T15:12:11","modified_gmt":"2026-03-05T15:12:11","slug":"comite-scientifique-du-colloque","status":"publish","type":"page","link":"https:\/\/codfreurcor14.usm.md\/index.php\/comite-scientifique-du-colloque\/","title":{"rendered":"Comit\u00e9 scientifique du colloque"},"content":{"rendered":"<p>Ludmila ZBAN\u021a, professeure des universit\u00e9s, Universit\u00e9 d\u2019\u00c9tat de Moldova \u2013 pr\u00e9sidente<br \/>\nMzago DOKHTOURICHVILI, professeure \u00e9m\u00e9rite, Universit\u00e9 d&rsquo;\u00c9tat Ilia, Tbilissi, G\u00e9orgie<br \/>\nSanda-Maria ARDELEANU, professeure des universit\u00e9s, Universit\u00e9 \u015etefan cel Mare, Suceava, Roumanie,<br \/>\nDoctor Honoris Causa de l\u2019Universit\u00e9 d&rsquo;\u00c9tat de Moldova<br \/>\nGeorgiana I. BADEA, professeure des universit\u00e9s, Universit\u00e9 de l\u2019Ouest de Timisoara, Roumanie<br \/>\nAtinati MAMATSASHVILI-KOBAKHIDZE, professeure des universit\u00e9s, Universit\u00e9 d&rsquo;\u00c9tat Ilia, Tbilissi, G\u00e9orgie<br \/>\nNino PIRTSKHALAVA, professeure des universit\u00e9s, Universit\u00e9 d&rsquo;\u00c9tat Ilia, Tbilissi, G\u00e9orgie<br \/>\nLouis GERREKENS, professeur des universit\u00e9s, Universit\u00e9 de Li\u00e8ge, Belgique<br \/>\nFatima CHNANE-DAVIN, professeure des universit\u00e9s, Aix-Marseille Universit\u00e9, France<br \/>\nDima EL HUSSEINI, professeure des universit\u00e9s, Universit\u00e9 Fran\u00e7aise d&rsquo;Egypte<br \/>\nCecilia CONDEI, professeure des universit\u00e9s, Universit\u00e9 de Craiova, Roumanie<br \/>\nElena PRUS, professeure des universit\u00e9s, Universit\u00e9 Libre Internationale de Moldova<br \/>\nGarik GALSTYAN, ma\u00eetre de conf\u00e9rences, Universit\u00e9 de Lille, France<br \/>\nNeli Ileana EIBEN, ma\u00eetre de conf\u00e9rences, Universit\u00e9 de l\u2019Ouest de Timisoara, Roumanie<br \/>\nTran VAN CONG, ma\u00eetre de conf\u00e9rences, Universit\u00e9 de Hanoi, Vietnam<br \/>\nGerardo ACERENZA ma\u00eetre de conf\u00e9rences, Universit\u00e9 de Trente, Italie<br \/>\nTaguhi BLBULYAN, ma\u00eetre de conf\u00e9rences, Universit\u00e9 d\u2019\u00c9tat d\u2019Erevan, Arm\u00e9nie<br \/>\nMalinka VELINOVA, ma\u00eetre de conf\u00e9rences, Universit\u00e9 de Sofia Saint-Cl\u00e9ment d\u2019Ohrid, Bulgarie<br \/>\nLudmila BRANISTE, ma\u00eetre de conf\u00e9rences, Universit\u00e9 Alexandru Ioan Cuza de Ia\u0219i, Roumanie<br \/>\nMarieta CHIKHLADZE, ma\u00eetre de conf\u00e9rences, Universit\u00e9 d&rsquo;\u00c9tat Ilia de Tbilissi, G\u00e9orgie<br \/>\nAngela CO\u0218CIUG, ma\u00eetre de conf\u00e9rences, Universit\u00e9 d\u2019\u00c9tat Alecu Russo de B\u0103l\u021bi, R\u00e9publique de Moldova<br \/>\nValentin DECLOQUEMENT, ma\u00eetre de conf\u00e9rences, Universit\u00e9 de Lyon 2, France<br \/>\nDaniela DINCA, ma\u00eetre de conf\u00e9rences, Universit\u00e9 de Craiova, Roumanie<br \/>\nKarine GRIGORYAN, ma\u00eetre de conf\u00e9rences, Universit\u00e9 d&rsquo;\u00c9tat V. Brussov de Langues et Sciences Sociales, Arm\u00e9nie<br \/>\nLiana NOZADZE, ma\u00eetre de conf\u00e9rences, Universit\u00e9 d&rsquo;\u00c9tat A. Tsereteli de Kouta\u00efssi, G\u00e9orgie<br \/>\nRachida SADOUNI, docteur, ma\u00eetre de conf\u00e9rences, Universit\u00e9 Blida 2 Ali Lounici, Alg\u00e9rie<br \/>\nRaluca-Nicoleta BALA\u021aCHI, ma\u00eetre de conf\u00e9rences, Universit\u00e9 \u015etefan cel Mare, Suceava, Roumanie<br \/>\nCristina BLEOR\u021aU, ma\u00eetre de conf\u00e9rences, Universit\u00e9 \u015etefan cel Mare, Suceava, Roumanie<br \/>\nNatalia SOURGOULADZE, ma\u00eetre de conf\u00e9rences, Universit\u00e9 d&rsquo;\u00c9tat Chota Rustaveli de Batoumi, G\u00e9orgie<br \/>\nRoxana PATRAS, ma\u00eetre de conf\u00e9rences, Universit\u00e9 Alexandru Ioan Cuza de Ia\u0219i, Roumanie<br \/>\nViorica MOLEA, ma\u00eetre de conf\u00e9rences, Universit\u00e9 d&rsquo;\u00c9tat de Moldova<br \/>\nAngela GR\u0102DINARU, ma\u00eetre de conf\u00e9rences, Universit\u00e9 d&rsquo;\u00c9tat de Moldova<br \/>\nIrina BREAHN\u0102, ma\u00eetre de conf\u00e9rences, Universit\u00e9 d&rsquo;\u00c9tat de Moldova<br \/>\nLudmila USAT\u00ceI, ma\u00eetre de conf\u00e9rences, Universit\u00e9 d&rsquo;\u00c9tat de Moldova<br \/>\nMariana \u0218OVEA, docteur, Universit\u00e9 \u015etefan cel Mare, Suceava, Roumanie<br \/>\nNina RO\u0218COVAN, ma\u00eetre de conf\u00e9rences, Universit\u00e9 d&rsquo;\u00c9tat de Moldova<br \/>\nEmilia TARABURCA, ma\u00eetre de conf\u00e9rences, Universit\u00e9 d&rsquo;\u00c9tat de Moldova<br \/>\nCristina CROSSU-CHIRIAC, ma\u00eetre de conf\u00e9rences, Universit\u00e9 d&rsquo;\u00c9tat de Moldova<br \/>\nCarolina DODU-SAVCA, ma\u00eetre de conf\u00e9rences, Universit\u00e9 P\u00e9dagogique d\u2019\u00c9tat Ion Creang\u0103 de Chi\u0219in\u0103u, R\u00e9publique de Moldova<br \/>\nDaniela PASCARU, ma\u00eetre de conf\u00e9rences, Universit\u00e9 d&rsquo;\u00c9tat de Moldova<br \/>\nElena VARZARI, ma\u00eetre de conf\u00e9rences, Universit\u00e9 d&rsquo;\u00c9tat de Moldova<br \/>\nInga STOIANOV, ma\u00eetre de conf\u00e9rences, Universit\u00e9 Libre Internationale de Moldova<br \/>\nGabriela \u0218AGANEAN, ma\u00eetre de conf\u00e9rences, Universit\u00e9 d&rsquo;\u00c9tat de Moldova<br \/>\nTatiana PORUMB, ma\u00eetre de conf\u00e9rences, Universit\u00e9 d&rsquo;\u00c9tat de Moldova<br \/>\nIna SITNIC, docteur, Universit\u00e9 d&rsquo;\u00c9tat de Moldova<br \/>\nVictoria SOLOVEI, docteur, Universit\u00e9 d&rsquo;\u00c9tat de Moldova<\/p>","protected":false},"excerpt":{"rendered":"<p>Ludmila ZBAN\u021a, professeure des universit\u00e9s, Universit\u00e9 d\u2019\u00c9tat de Moldova \u2013 pr\u00e9sidente Mzago DOKHTOURICHVILI, professeure \u00e9m\u00e9rite, Universit\u00e9 d&rsquo;\u00c9tat Ilia, Tbilissi, G\u00e9orgie Sanda-Maria ARDELEANU, professeure des universit\u00e9s, Universit\u00e9 \u015etefan cel Mare, Suceava, Roumanie, Doctor Honoris Causa de l\u2019Universit\u00e9 d&rsquo;\u00c9tat de Moldova Georgiana I. BADEA, professeure des universit\u00e9s, Universit\u00e9 de l\u2019Ouest de Timisoara, Roumanie Atinati MAMATSASHVILI-KOBAKHIDZE, professeure des&hellip; <br \/> <a class=\"read-more\" href=\"https:\/\/codfreurcor14.usm.md\/index.php\/comite-scientifique-du-colloque\/\">Lire la suite<\/a><\/p>\n","protected":false},"author":1,"featured_media":0,"parent":0,"menu_order":0,"comment_status":"closed","ping_status":"closed","template":"","meta":{"footnotes":""},"class_list":["post-21","page","type-page","status-publish","hentry"],"_links":{"self":[{"href":"https:\/\/codfreurcor14.usm.md\/index.php\/wp-json\/wp\/v2\/pages\/21","targetHints":{"allow":["GET"]}}],"collection":[{"href":"https:\/\/codfreurcor14.usm.md\/index.php\/wp-json\/wp\/v2\/pages"}],"about":[{"href":"https:\/\/codfreurcor14.usm.md\/index.php\/wp-json\/wp\/v2\/types\/page"}],"author":[{"embeddable":true,"href":"https:\/\/codfreurcor14.usm.md\/index.php\/wp-json\/wp\/v2\/users\/1"}],"replies":[{"embeddable":true,"href":"https:\/\/codfreurcor14.usm.md\/index.php\/wp-json\/wp\/v2\/comments?post=21"}],"version-history":[{"count":1,"href":"https:\/\/codfreurcor14.usm.md\/index.php\/wp-json\/wp\/v2\/pages\/21\/revisions"}],"predecessor-version":[{"id":22,"href":"https:\/\/codfreurcor14.usm.md\/index.php\/wp-json\/wp\/v2\/pages\/21\/revisions\/22"}],"wp:attachment":[{"href":"https:\/\/codfreurcor14.usm.md\/index.php\/wp-json\/wp\/v2\/media?parent=21"}],"curies":[{"name":"wp","href":"https:\/\/api.w.org\/{rel}","templated":true}]}}